{"id":1803,"date":"2023-12-22T19:42:49","date_gmt":"2023-12-22T19:42:49","guid":{"rendered":"https:\/\/ganso.com.co\/website\/?page_id=1803"},"modified":"2025-07-20T17:05:14","modified_gmt":"2025-07-20T17:05:14","slug":"auditorias-y-sellos","status":"publish","type":"page","link":"https:\/\/ganso.com.co\/website\/en\/auditorias-y-sellos\/","title":{"rendered":"Auditor\u00edas y sellos"},"content":{"rendered":"<div data-elementor-type=\"wp-page\" data-elementor-id=\"1803\" class=\"elementor elementor-1803\" data-elementor-post-type=\"page\">\n\t\t\t\t\t\t\t\t\t<section class=\"elementor-section elementor-top-section elementor-element elementor-element-72a74559 elementor-section-full_width elementor-section-height-default elementor-section-height-default\" data-id=\"72a74559\" data-element_type=\"section\" data-settings=\"{&quot;background_background&quot;:&quot;classic&quot;}\" data-e-bg-lazyload=\".elementor-background-overlay\">\n\t\t\t\t\t\t\t<div class=\"elementor-background-overlay\"><\/div>\n\t\t\t\t\t\t\t<div class=\"elementor-container elementor-column-gap-default\">\n\t\t\t\t\t<div class=\"elementor-column elementor-col-100 elementor-top-column elementor-element elementor-element-35d7d034\" data-id=\"35d7d034\" data-element_type=\"column\" data-settings=\"{&quot;background_background&quot;:&quot;slideshow&quot;,&quot;background_slideshow_gallery&quot;:[],&quot;background_slideshow_loop&quot;:&quot;yes&quot;,&quot;background_slideshow_slide_duration&quot;:5000,&quot;background_slideshow_slide_transition&quot;:&quot;fade&quot;,&quot;background_slideshow_transition_duration&quot;:500}\">\n\t\t\t<div class=\"elementor-widget-wrap elementor-element-populated\">\n\t\t\t\t\t\t\t\t<div class=\"elementor-element elementor-element-54515ab5 animated-slow elementor-invisible elementor-widget elementor-widget-heading\" data-id=\"54515ab5\" data-element_type=\"widget\" data-settings=\"{&quot;_animation&quot;:&quot;fadeInUp&quot;}\" data-widget_type=\"heading.default\">\n\t\t\t\t<div class=\"elementor-widget-container\">\n\t\t\t<style>\/*! elementor - v3.18.0 - 20-12-2023 *\/\n.elementor-heading-title{padding:0;margin:0;line-height:1}.elementor-widget-heading .elementor-heading-title[class*=elementor-size-]>a{color:inherit;font-size:inherit;line-height:inherit}.elementor-widget-heading .elementor-heading-title.elementor-size-small{font-size:15px}.elementor-widget-heading .elementor-heading-title.elementor-size-medium{font-size:19px}.elementor-widget-heading .elementor-heading-title.elementor-size-large{font-size:29px}.elementor-widget-heading .elementor-heading-title.elementor-size-xl{font-size:39px}.elementor-widget-heading .elementor-heading-title.elementor-size-xxl{font-size:59px}<\/style><h2 class=\"elementor-heading-title elementor-size-default\">Audit<\/h2>\t\t<\/div>\n\t\t\t\t<\/div>\n\t\t\t\t<div class=\"elementor-element elementor-element-55cc390b elementor-widget elementor-widget-text-editor\" data-id=\"55cc390b\" data-element_type=\"widget\" data-widget_type=\"text-editor.default\">\n\t\t\t\t<div class=\"elementor-widget-container\">\n\t\t\t<style>\/*! elementor - v3.18.0 - 20-12-2023 *\/\n.elementor-widget-text-editor.elementor-drop-cap-view-stacked .elementor-drop-cap{background-color:#69727d;color:#fff}.elementor-widget-text-editor.elementor-drop-cap-view-framed .elementor-drop-cap{color:#69727d;border:3px solid;background-color:transparent}.elementor-widget-text-editor:not(.elementor-drop-cap-view-default) .elementor-drop-cap{margin-top:8px}.elementor-widget-text-editor:not(.elementor-drop-cap-view-default) .elementor-drop-cap-letter{width:1em;height:1em}.elementor-widget-text-editor .elementor-drop-cap{float:left;text-align:center;line-height:1;font-size:50px}.elementor-widget-text-editor .elementor-drop-cap-letter{display:inline-block}<\/style>\t\t\t\t<p>The <b>Aval GANSO<\/b> audit is carried out through a systematic, independent, and documented process to gather evidence of compliance with the practices defined by the standard.&nbsp;<\/p>\n<p>This process is conducted by an auditor at the farm applying for the <b>Aval GANSO<\/b>. In some cases, the audit may be accompanied by a technical expert who brings additional knowledge or experience to support the auditor during the process.&nbsp;<\/p>\n<p class=\"translation-block\">Based on the results of the audit, the farm(s) will achieve one of the three <b>Aval GANSO<\/b> Seal levels:<\/p>\t\t\t\t\t\t<\/div>\n\t\t\t\t<\/div>\n\t\t\t\t\t<\/div>\n\t\t<\/div>\n\t\t\t\t\t\t\t<\/div>\n\t\t<\/section>\n\t\t\t\t<section class=\"elementor-section elementor-top-section elementor-element elementor-element-3c855d80 animated-slow elementor-section-boxed elementor-section-height-default elementor-section-height-default elementor-invisible\" data-id=\"3c855d80\" data-element_type=\"section\" data-settings=\"{&quot;background_background&quot;:&quot;classic&quot;,&quot;animation&quot;:&quot;fadeInUp&quot;,&quot;animation_delay&quot;:20}\">\n\t\t\t\t\t\t<div class=\"elementor-container elementor-column-gap-extended\">\n\t\t\t\t\t<div class=\"elementor-column elementor-col-33 elementor-top-column elementor-element elementor-element-1e15c13e\" data-id=\"1e15c13e\" data-element_type=\"column\">\n\t\t\t<div class=\"elementor-widget-wrap elementor-element-populated\">\n\t\t\t\t\t\t\t\t<div class=\"elementor-element elementor-element-3284af4 elementor-widget elementor-widget-image\" data-id=\"3284af4\" data-element_type=\"widget\" data-widget_type=\"image.default\">\n\t\t\t\t<div class=\"elementor-widget-container\">\n\t\t\t<style>\/*! elementor - v3.18.0 - 20-12-2023 *\/\n.elementor-widget-image{text-align:center}.elementor-widget-image a{display:inline-block}.elementor-widget-image a img[src$=\".svg\"]{width:48px}.elementor-widget-image img{vertical-align:middle;display:inline-block}<\/style>\t\t\t\t\t\t\t\t\t<figure class=\"wp-caption\">\n\t\t\t\t\t\t\t\t\t\t<img fetchpriority=\"high\" decoding=\"async\" width=\"800\" height=\"814\" src=\"https:\/\/ganso.com.co\/website\/wp-content\/uploads\/2022\/10\/Categoria-Motivado-1006x1024.png\" class=\"attachment-large size-large wp-image-1107\" alt=\"\" srcset=\"https:\/\/ganso.com.co\/website\/wp-content\/uploads\/2022\/10\/Categoria-Motivado-1006x1024.png 1006w, https:\/\/ganso.com.co\/website\/wp-content\/uploads\/2022\/10\/Categoria-Motivado-295x300.png 295w, https:\/\/ganso.com.co\/website\/wp-content\/uploads\/2022\/10\/Categoria-Motivado-768x782.png 768w, https:\/\/ganso.com.co\/website\/wp-content\/uploads\/2022\/10\/Categoria-Motivado.png 1142w\" sizes=\"(max-width: 800px) 100vw, 800px\" \/>\t\t\t\t\t\t\t\t\t\t\t<figcaption class=\"widget-image-caption wp-caption-text\"><b> Motivated Seal:<\/b>\nThis is the basic level and indicates compliance with 50% or less of the evaluated practices in one or more pillars of the Aval GANSO. For this reason, the farm must undergo annual reassessment.<\/figcaption>\n\t\t\t\t\t\t\t\t\t\t<\/figure>\n\t\t\t\t\t\t\t\t\t<\/div>\n\t\t\t\t<\/div>\n\t\t\t\t\t<\/div>\n\t\t<\/div>\n\t\t\t\t<div class=\"elementor-column elementor-col-33 elementor-top-column elementor-element elementor-element-4bb978a8\" data-id=\"4bb978a8\" data-element_type=\"column\">\n\t\t\t<div class=\"elementor-widget-wrap elementor-element-populated\">\n\t\t\t\t\t\t\t\t<div class=\"elementor-element elementor-element-22e2aa57 elementor-widget elementor-widget-image\" data-id=\"22e2aa57\" data-element_type=\"widget\" data-widget_type=\"image.default\">\n\t\t\t\t<div class=\"elementor-widget-container\">\n\t\t\t\t\t\t\t\t\t\t\t\t<figure class=\"wp-caption\">\n\t\t\t\t\t\t\t\t\t\t<img decoding=\"async\" width=\"800\" height=\"814\" src=\"https:\/\/ganso.com.co\/website\/wp-content\/uploads\/2022\/10\/Categoria-Comprometido-1006x1024.png\" class=\"attachment-large size-large wp-image-1106\" alt=\"\" srcset=\"https:\/\/ganso.com.co\/website\/wp-content\/uploads\/2022\/10\/Categoria-Comprometido-1006x1024.png 1006w, https:\/\/ganso.com.co\/website\/wp-content\/uploads\/2022\/10\/Categoria-Comprometido-295x300.png 295w, https:\/\/ganso.com.co\/website\/wp-content\/uploads\/2022\/10\/Categoria-Comprometido-768x782.png 768w, https:\/\/ganso.com.co\/website\/wp-content\/uploads\/2022\/10\/Categoria-Comprometido.png 1142w\" sizes=\"(max-width: 800px) 100vw, 800px\" \/>\t\t\t\t\t\t\t\t\t\t\t<figcaption class=\"widget-image-caption wp-caption-text\"><b> Committed Seal:<\/b>\nThis is an intermediate level and indicates compliance with 51% to 79% of the evaluated practices in all pillars of the Aval GANSO. Like the Motivated Seal, it also requires annual reassessment.<\/figcaption>\n\t\t\t\t\t\t\t\t\t\t<\/figure>\n\t\t\t\t\t\t\t\t\t<\/div>\n\t\t\t\t<\/div>\n\t\t\t\t\t<\/div>\n\t\t<\/div>\n\t\t\t\t<div class=\"elementor-column elementor-col-33 elementor-top-column elementor-element elementor-element-6bc96c49\" data-id=\"6bc96c49\" data-element_type=\"column\">\n\t\t\t<div class=\"elementor-widget-wrap elementor-element-populated\">\n\t\t\t\t\t\t\t\t<div class=\"elementor-element elementor-element-46d14353 elementor-widget elementor-widget-image\" data-id=\"46d14353\" data-element_type=\"widget\" data-widget_type=\"image.default\">\n\t\t\t\t<div class=\"elementor-widget-container\">\n\t\t\t\t\t\t\t\t\t\t\t\t<figure class=\"wp-caption\">\n\t\t\t\t\t\t\t\t\t\t<img decoding=\"async\" width=\"800\" height=\"814\" src=\"https:\/\/ganso.com.co\/website\/wp-content\/uploads\/2022\/10\/Categoria-Responsable-1006x1024.png\" class=\"attachment-large size-large wp-image-1105\" alt=\"\" srcset=\"https:\/\/ganso.com.co\/website\/wp-content\/uploads\/2022\/10\/Categoria-Responsable-1006x1024.png 1006w, https:\/\/ganso.com.co\/website\/wp-content\/uploads\/2022\/10\/Categoria-Responsable-295x300.png 295w, https:\/\/ganso.com.co\/website\/wp-content\/uploads\/2022\/10\/Categoria-Responsable-768x782.png 768w, https:\/\/ganso.com.co\/website\/wp-content\/uploads\/2022\/10\/Categoria-Responsable.png 1142w\" sizes=\"(max-width: 800px) 100vw, 800px\" \/>\t\t\t\t\t\t\t\t\t\t\t<figcaption class=\"widget-image-caption wp-caption-text\"><b> Responsible Seal:<\/b>\nThis is the advanced level and indicates compliance with 80% or more of the evaluated practices across all pillars of the Aval GANSO. Due to this high level of compliance, reassessment is required every two years.<\/figcaption>\n\t\t\t\t\t\t\t\t\t\t<\/figure>\n\t\t\t\t\t\t\t\t\t<\/div>\n\t\t\t\t<\/div>\n\t\t\t\t\t<\/div>\n\t\t<\/div>\n\t\t\t\t\t\t\t<\/div>\n\t\t<\/section>\n\t\t\t\t\t\t\t<\/div>","protected":false},"excerpt":{"rendered":"<p>Auditor\u00eda La auditor\u00eda del Aval GANSO se lleva a cabo mediante un proceso sistem\u00e1tico, independiente y documentado, para obtener evidencias de conformidad con respecto a las pr\u00e1cticas definidas por el mismo.&nbsp; Este proceso es realizado por un auditor en la finca solicitante del Aval GANSO. En algunos casos, el proceso de auditor\u00eda ser\u00e1 acompa\u00f1ado por [&hellip;]<\/p>","protected":false},"author":1,"featured_media":0,"parent":0,"menu_order":0,"comment_status":"closed","ping_status":"closed","template":"","meta":{"footnotes":""},"_links":{"self":[{"href":"https:\/\/ganso.com.co\/website\/en\/wp-json\/wp\/v2\/pages\/1803"}],"collection":[{"href":"https:\/\/ganso.com.co\/website\/en\/wp-json\/wp\/v2\/pages"}],"about":[{"href":"https:\/\/ganso.com.co\/website\/en\/wp-json\/wp\/v2\/types\/page"}],"author":[{"embeddable":true,"href":"https:\/\/ganso.com.co\/website\/en\/wp-json\/wp\/v2\/users\/1"}],"replies":[{"embeddable":true,"href":"https:\/\/ganso.com.co\/website\/en\/wp-json\/wp\/v2\/comments?post=1803"}],"version-history":[{"count":16,"href":"https:\/\/ganso.com.co\/website\/en\/wp-json\/wp\/v2\/pages\/1803\/revisions"}],"predecessor-version":[{"id":3518,"href":"https:\/\/ganso.com.co\/website\/en\/wp-json\/wp\/v2\/pages\/1803\/revisions\/3518"}],"wp:attachment":[{"href":"https:\/\/ganso.com.co\/website\/en\/wp-json\/wp\/v2\/media?parent=1803"}],"curies":[{"name":"wp","href":"https:\/\/api.w.org\/{rel}","templated":true}]}}